{"id":464,"date":"2021-01-25T13:22:22","date_gmt":"2021-01-25T12:22:22","guid":{"rendered":"https:\/\/instant-seed.de\/?page_id=464"},"modified":"2025-10-30T15:00:19","modified_gmt":"2025-10-30T14:00:19","slug":"easyseed-forst","status":"publish","type":"page","link":"https:\/\/instant-seed.de\/en\/easyseed-forst\/","title":{"rendered":"easySeed\u00ae Forst"},"content":{"rendered":"<div class=\"wp-block-cover alignwide\"><img data-recalc-dims=\"1\" loading=\"lazy\" decoding=\"async\" width=\"1024\" height=\"344\" data-attachment-id=\"7057\" data-permalink=\"https:\/\/instant-seed.de\/en\/easyseed-forst\/20250325_102529-kopie\/\" data-orig-file=\"https:\/\/i0.wp.com\/instant-seed.de\/wp-content\/uploads\/2025\/08\/20250325_102529-Kopie.jpg?fit=1146%2C385&amp;ssl=1\" data-orig-size=\"1146,385\" data-comments-opened=\"1\" data-image-meta=\"{&quot;aperture&quot;:&quot;1.8&quot;,&quot;credit&quot;:&quot;&quot;,&quot;camera&quot;:&quot;SM-A336B&quot;,&quot;caption&quot;:&quot;&quot;,&quot;created_timestamp&quot;:&quot;1742898329&quot;,&quot;copyright&quot;:&quot;&quot;,&quot;focal_length&quot;:&quot;4.65&quot;,&quot;iso&quot;:&quot;32&quot;,&quot;shutter_speed&quot;:&quot;0.0025974025974026&quot;,&quot;title&quot;:&quot;&quot;,&quot;orientation&quot;:&quot;1&quot;}\" data-image-title=\"20250325_102529 &amp;#8211; Kopie\" data-image-description=\"\" data-image-caption=\"\" data-large-file=\"https:\/\/i0.wp.com\/instant-seed.de\/wp-content\/uploads\/2025\/08\/20250325_102529-Kopie.jpg?fit=1024%2C344&amp;ssl=1\" class=\"wp-block-cover__image-background wp-image-7057 size-large\" alt=\"\" src=\"https:\/\/i0.wp.com\/instant-seed.de\/wp-content\/uploads\/2025\/08\/20250325_102529-Kopie.jpg?resize=1024%2C344&#038;ssl=1\" data-object-fit=\"cover\" srcset=\"https:\/\/i0.wp.com\/instant-seed.de\/wp-content\/uploads\/2025\/08\/20250325_102529-Kopie.jpg?resize=1024%2C344&amp;ssl=1 1024w, https:\/\/i0.wp.com\/instant-seed.de\/wp-content\/uploads\/2025\/08\/20250325_102529-Kopie.jpg?resize=300%2C101&amp;ssl=1 300w, https:\/\/i0.wp.com\/instant-seed.de\/wp-content\/uploads\/2025\/08\/20250325_102529-Kopie.jpg?resize=768%2C258&amp;ssl=1 768w, https:\/\/i0.wp.com\/instant-seed.de\/wp-content\/uploads\/2025\/08\/20250325_102529-Kopie.jpg?resize=18%2C6&amp;ssl=1 18w, https:\/\/i0.wp.com\/instant-seed.de\/wp-content\/uploads\/2025\/08\/20250325_102529-Kopie.jpg?w=1146&amp;ssl=1 1146w\" sizes=\"auto, (max-width: 1024px) 100vw, 1024px\" \/><span aria-hidden=\"true\" class=\"wp-block-cover__background has-background-dim-10 has-background-dim\" style=\"background-color:#716b4f\"><\/span><div class=\"wp-block-cover__inner-container is-layout-flow wp-block-cover-is-layout-flow\">\n<h1 class=\"wp-block-heading has-text-align-center has-large-font-size\">easySeed\u00ae f\u00fcr Direktsaat im Wald.<br><\/h1>\n\n\n\n<p class=\"has-text-align-center has-medium-font-size wp-block-paragraph\"><\/p>\n<\/div><\/div>\n\n\n\n<div class=\"wp-block-columns alignwide section_wrap is-layout-flex wp-container-core-columns-is-layout-8f761849 wp-block-columns-is-layout-flex\">\n<div class=\"wp-block-column is-layout-flow wp-block-column-is-layout-flow\">\n<h2 class=\"wp-block-heading has-text-align-center has-large-font-size\">Sowing instead of planting for your forest of the future!<\/h2>\n\n\n\n<h3 class=\"wp-block-heading\">Dear foresters and forest owners,<\/h3>\n\n\n\n<p class=\"intro wp-block-paragraph\" style=\"font-size:1.4rem\">unsere Aktivit\u00e4ten im Forstbereich finden Sie jetzt auf einer separaten Internetseite.<br>Auf <strong><a href=\"https:\/\/easyseed-forst.de\" target=\"_blank\" rel=\"noreferrer noopener\">www.easyseed-forst.de<\/a><\/strong> haben wir wissenswertes zum Thema <strong>easySeed\u00ae<\/strong> in der Forstwirtschaft zusammengestellt.<\/p>\n\n\n\n<p class=\"wp-block-paragraph\" style=\"font-size:1.4rem\">There you will find extensive information in the easySeed forestry categories:<\/p>\n\n\n\n<ul class=\"wp-block-list\">\n<li style=\"font-size:1.4rem\"><strong>Roh-Saatgut und easySeed\u00ae<\/strong><\/li>\n\n\n\n<li style=\"font-size:1.4rem\"><strong>Forest tree information center<\/strong><\/li>\n\n\n\n<li style=\"font-size:1.4rem\"><strong>Sowing and technology<\/strong><\/li>\n\n\n\n<li style=\"font-size:1.4rem\"><strong>Damaged and bare areas<\/strong><\/li>\n\n\n\n<li style=\"font-size:1.4rem\"><strong>Forest fire areas<\/strong><\/li>\n\n\n\n<li style=\"font-size:1.4rem\"><strong>Tierfra\u00dfschutz<\/strong><\/li>\n\n\n\n<li style=\"font-size:1.4rem\"><strong>Forstadressen<\/strong><\/li>\n\n\n\n<li style=\"font-size:1.4rem\"><strong>Forest sponsorship<\/strong><\/li>\n<\/ul>\n<\/div>\n<\/div>\n\n\n\n<div class=\"wp-block-columns has-background is-layout-flex wp-container-core-columns-is-layout-8f761849 wp-block-columns-is-layout-flex\" style=\"background-color:#073e1e\">\n<div class=\"wp-block-column is-layout-flow wp-block-column-is-layout-flow\" style=\"flex-basis:25%\"><\/div>\n\n\n\n<div class=\"wp-block-column is-layout-flow wp-block-column-is-layout-flow\" style=\"flex-basis:90%\">\n<div class=\"wp-block-columns icons_wrap is-layout-flex wp-container-core-columns-is-layout-8f761849 wp-block-columns-is-layout-flex\">\n<div class=\"wp-block-column is-layout-flow wp-block-column-is-layout-flow\"><div class=\"wp-block-image is-resized is-style-default\">\n<figure class=\"aligncenter size-full\"><img data-recalc-dims=\"1\" loading=\"lazy\" decoding=\"async\" width=\"476\" height=\"476\" src=\"https:\/\/i0.wp.com\/instant-seed.de\/wp-content\/uploads\/2023\/10\/InovMed2022-1.png?resize=476%2C476&#038;ssl=1\" alt=\"\" class=\"wp-image-3005\" style=\"aspect-ratio:1;object-fit:cover;width:150px\" srcset=\"https:\/\/i0.wp.com\/instant-seed.de\/wp-content\/uploads\/2023\/10\/InovMed2022-1.png?w=476&amp;ssl=1 476w, https:\/\/i0.wp.com\/instant-seed.de\/wp-content\/uploads\/2023\/10\/InovMed2022-1.png?resize=300%2C300&amp;ssl=1 300w, https:\/\/i0.wp.com\/instant-seed.de\/wp-content\/uploads\/2023\/10\/InovMed2022-1.png?resize=150%2C150&amp;ssl=1 150w, https:\/\/i0.wp.com\/instant-seed.de\/wp-content\/uploads\/2023\/10\/InovMed2022-1.png?resize=12%2C12&amp;ssl=1 12w, https:\/\/i0.wp.com\/instant-seed.de\/wp-content\/uploads\/2023\/10\/InovMed2022-1.png?resize=400%2C400&amp;ssl=1 400w, https:\/\/i0.wp.com\/instant-seed.de\/wp-content\/uploads\/2023\/10\/InovMed2022-1.png?resize=200%2C200&amp;ssl=1 200w\" sizes=\"auto, (max-width: 476px) 100vw, 476px\" \/><\/figure>\n<\/div><\/div>\n\n\n\n<div class=\"wp-block-column is-layout-flow wp-block-column-is-layout-flow\"><div class=\"wp-block-image is-resized is-style-default\">\n<figure class=\"aligncenter size-full\"><img data-recalc-dims=\"1\" loading=\"lazy\" decoding=\"async\" width=\"400\" height=\"316\" src=\"https:\/\/i0.wp.com\/instant-seed.de\/wp-content\/uploads\/2023\/10\/Award-Innovation.png?resize=400%2C316&#038;ssl=1\" alt=\"\" class=\"wp-image-3142\" style=\"width:168px;height:auto\" srcset=\"https:\/\/i0.wp.com\/instant-seed.de\/wp-content\/uploads\/2023\/10\/Award-Innovation.png?w=400&amp;ssl=1 400w, https:\/\/i0.wp.com\/instant-seed.de\/wp-content\/uploads\/2023\/10\/Award-Innovation.png?resize=300%2C237&amp;ssl=1 300w, https:\/\/i0.wp.com\/instant-seed.de\/wp-content\/uploads\/2023\/10\/Award-Innovation.png?resize=15%2C12&amp;ssl=1 15w\" sizes=\"auto, (max-width: 400px) 100vw, 400px\" \/><\/figure>\n<\/div><\/div>\n<\/div>\n<\/div>\n\n\n\n<div class=\"wp-block-column is-layout-flow wp-block-column-is-layout-flow\" style=\"flex-basis:25%\"><\/div>\n<\/div>\n\n\n\n<div style=\"height:3px\" aria-hidden=\"true\" class=\"wp-block-spacer\"><\/div>","protected":false},"excerpt":{"rendered":"<p>S\u00e4en statt pflanzen f\u00fcr Ihren Wald der Zukunft! Liebe Forstleute und Waldbesitzer, unsere Aktivit\u00e4ten im Forstbereich finden Sie jetzt auf einer separaten Internetseite.Auf <a href=\"http:\/\/www.easyseed-forst.de\" rel=\"nofollow\">http:\/\/www.easyseed-forst.de<\/a> haben wir wissenswertes zum Thema easySeed\u00ae in der Forstwirtschaft zusammengestellt. Dort finden Sie umfangreiche Informationen in den easySeed Forst-Kategorien:<\/p>","protected":false},"author":199994877,"featured_media":0,"parent":0,"menu_order":0,"comment_status":"closed","ping_status":"closed","template":"","meta":{"_coblocks_attr":"","_coblocks_dimensions":"","_coblocks_responsive_height":"","_coblocks_accordion_ie_support":"","_crdt_document":"","ocean_post_layout":"full-screen","ocean_both_sidebars_style":"","ocean_both_sidebars_content_width":0,"ocean_both_sidebars_sidebars_width":0,"ocean_sidebar":"0","ocean_second_sidebar":"0","ocean_disable_margins":"enable","ocean_add_body_class":"","ocean_shortcode_before_top_bar":"","ocean_shortcode_after_top_bar":"","ocean_shortcode_before_header":"","ocean_shortcode_after_header":"","ocean_has_shortcode":"","ocean_shortcode_after_title":"","ocean_shortcode_before_footer_widgets":"","ocean_shortcode_after_footer_widgets":"","ocean_shortcode_before_footer_bottom":"","ocean_shortcode_after_footer_bottom":"","ocean_display_top_bar":"default","ocean_display_header":"default","ocean_header_style":"","ocean_center_header_left_menu":"0","ocean_custom_header_template":"0","ocean_custom_logo":0,"ocean_custom_retina_logo":0,"ocean_custom_logo_max_width":0,"ocean_custom_logo_tablet_max_width":0,"ocean_custom_logo_mobile_max_width":0,"ocean_custom_logo_max_height":0,"ocean_custom_logo_tablet_max_height":0,"ocean_custom_logo_mobile_max_height":0,"ocean_header_custom_menu":"0","ocean_menu_typo_font_family":"0","ocean_menu_typo_font_subset":"","ocean_menu_typo_font_size":0,"ocean_menu_typo_font_size_tablet":0,"ocean_menu_typo_font_size_mobile":0,"ocean_menu_typo_font_size_unit":"px","ocean_menu_typo_font_weight":"","ocean_menu_typo_font_weight_tablet":"","ocean_menu_typo_font_weight_mobile":"","ocean_menu_typo_transform":"","ocean_menu_typo_transform_tablet":"","ocean_menu_typo_transform_mobile":"","ocean_menu_typo_line_height":0,"ocean_menu_typo_line_height_tablet":0,"ocean_menu_typo_line_height_mobile":0,"ocean_menu_typo_line_height_unit":"","ocean_menu_typo_spacing":0,"ocean_menu_typo_spacing_tablet":0,"ocean_menu_typo_spacing_mobile":0,"ocean_menu_typo_spacing_unit":"","ocean_menu_link_color":"","ocean_menu_link_color_hover":"","ocean_menu_link_color_active":"","ocean_menu_link_background":"","ocean_menu_link_hover_background":"","ocean_menu_link_active_background":"","ocean_menu_social_links_bg":"","ocean_menu_social_hover_links_bg":"","ocean_menu_social_links_color":"","ocean_menu_social_hover_links_color":"","ocean_disable_title":"default","ocean_disable_heading":"default","ocean_post_title":"","ocean_post_subheading":"","ocean_post_title_style":"","ocean_post_title_background_color":"","ocean_post_title_background":0,"ocean_post_title_bg_image_position":"","ocean_post_title_bg_image_attachment":"","ocean_post_title_bg_image_repeat":"","ocean_post_title_bg_image_size":"","ocean_post_title_height":0,"ocean_post_title_bg_overlay":0.5,"ocean_post_title_bg_overlay_color":"","ocean_disable_breadcrumbs":"default","ocean_breadcrumbs_color":"","ocean_breadcrumbs_separator_color":"","ocean_breadcrumbs_links_color":"","ocean_breadcrumbs_links_hover_color":"","ocean_display_footer_widgets":"default","ocean_display_footer_bottom":"default","ocean_custom_footer_template":"0","footnotes":""},"class_list":["post-464","page","type-page","status-publish","hentry","entry"],"yoast_head":"<!-- This site is optimized with the Yoast SEO plugin v27.5 - https:\/\/yoast.com\/product\/yoast-seo-wordpress\/ -->\n<title>easySeed\u00ae Forst - easySeed Saatgut-Pellets<\/title>\n<meta name=\"description\" content=\"Wir pelletieren Saatgut aller Baumarten: Schutz des Saatgutes, Verbesserung der Keimrate, Kostensenkung bei Aufforstung und Wiederaufforstung\" \/>\n<meta name=\"robots\" content=\"index, follow, max-snippet:-1, max-image-preview:large, max-video-preview:-1\" \/>\n<link rel=\"canonical\" href=\"https:\/\/instant-seed.de\/en\/easyseed-forst\/\" \/>\n<meta property=\"og:locale\" content=\"en_US\" \/>\n<meta property=\"og:type\" content=\"article\" \/>\n<meta property=\"og:title\" content=\"easySeed\u00ae Forst - easySeed Saatgut-Pellets\" \/>\n<meta property=\"og:description\" content=\"Wir pelletieren Saatgut aller Baumarten: Schutz des Saatgutes, Verbesserung der Keimrate, Kostensenkung bei Aufforstung und Wiederaufforstung\" \/>\n<meta property=\"og:url\" content=\"https:\/\/instant-seed.de\/en\/easyseed-forst\/\" \/>\n<meta property=\"og:site_name\" content=\"easySeed Saatgut-Pellets\" \/>\n<meta property=\"article:modified_time\" content=\"2025-10-30T14:00:19+00:00\" \/>\n<meta property=\"og:image\" content=\"https:\/\/instant-seed.de\/wp-content\/uploads\/2025\/08\/20250325_102529-Kopie-1024x344.jpg\" \/>\n<meta name=\"twitter:card\" content=\"summary_large_image\" \/>\n<meta name=\"twitter:label1\" content=\"Est. reading time\" \/>\n\t<meta name=\"twitter:data1\" content=\"1 minute\" \/>\n<script type=\"application\/ld+json\" class=\"yoast-schema-graph\">{\"@context\":\"https:\\\/\\\/schema.org\",\"@graph\":[{\"@type\":\"WebPage\",\"@id\":\"https:\\\/\\\/instant-seed.de\\\/easyseed-forst\\\/\",\"url\":\"https:\\\/\\\/instant-seed.de\\\/easyseed-forst\\\/\",\"name\":\"easySeed\u00ae Forst - easySeed Saatgut-Pellets\",\"isPartOf\":{\"@id\":\"https:\\\/\\\/instant-seed.de\\\/#website\"},\"primaryImageOfPage\":{\"@id\":\"https:\\\/\\\/instant-seed.de\\\/easyseed-forst\\\/#primaryimage\"},\"image\":{\"@id\":\"https:\\\/\\\/instant-seed.de\\\/easyseed-forst\\\/#primaryimage\"},\"thumbnailUrl\":\"https:\\\/\\\/instant-seed.de\\\/wp-content\\\/uploads\\\/2025\\\/08\\\/20250325_102529-Kopie-1024x344.jpg\",\"datePublished\":\"2021-01-25T12:22:22+00:00\",\"dateModified\":\"2025-10-30T14:00:19+00:00\",\"description\":\"Wir pelletieren Saatgut aller Baumarten: Schutz des Saatgutes, Verbesserung der Keimrate, Kostensenkung bei Aufforstung und Wiederaufforstung\",\"breadcrumb\":{\"@id\":\"https:\\\/\\\/instant-seed.de\\\/easyseed-forst\\\/#breadcrumb\"},\"inLanguage\":\"en-US\",\"potentialAction\":[{\"@type\":\"ReadAction\",\"target\":[\"https:\\\/\\\/instant-seed.de\\\/easyseed-forst\\\/\"]}]},{\"@type\":\"ImageObject\",\"inLanguage\":\"en-US\",\"@id\":\"https:\\\/\\\/instant-seed.de\\\/easyseed-forst\\\/#primaryimage\",\"url\":\"https:\\\/\\\/instant-seed.de\\\/wp-content\\\/uploads\\\/2025\\\/08\\\/20250325_102529-Kopie-1024x344.jpg\",\"contentUrl\":\"https:\\\/\\\/instant-seed.de\\\/wp-content\\\/uploads\\\/2025\\\/08\\\/20250325_102529-Kopie-1024x344.jpg\"},{\"@type\":\"BreadcrumbList\",\"@id\":\"https:\\\/\\\/instant-seed.de\\\/easyseed-forst\\\/#breadcrumb\",\"itemListElement\":[{\"@type\":\"ListItem\",\"position\":1,\"name\":\"Startseite\",\"item\":\"https:\\\/\\\/instant-seed.de\\\/\"},{\"@type\":\"ListItem\",\"position\":2,\"name\":\"easySeed\u00ae Forst\"}]},{\"@type\":\"WebSite\",\"@id\":\"https:\\\/\\\/instant-seed.de\\\/#website\",\"url\":\"https:\\\/\\\/instant-seed.de\\\/\",\"name\":\"easySeed Saatgut-Pellets\",\"description\":\"aus Samen von B\u00e4umen, Blumen, Kr\u00e4utern, Gr\u00e4sern und Rasen\",\"publisher\":{\"@id\":\"https:\\\/\\\/instant-seed.de\\\/#organization\"},\"potentialAction\":[{\"@type\":\"SearchAction\",\"target\":{\"@type\":\"EntryPoint\",\"urlTemplate\":\"https:\\\/\\\/instant-seed.de\\\/?s={search_term_string}\"},\"query-input\":{\"@type\":\"PropertyValueSpecification\",\"valueRequired\":true,\"valueName\":\"search_term_string\"}}],\"inLanguage\":\"en-US\"},{\"@type\":\"Organization\",\"@id\":\"https:\\\/\\\/instant-seed.de\\\/#organization\",\"name\":\"easySeed Saatgut-Pellets\",\"url\":\"https:\\\/\\\/instant-seed.de\\\/\",\"logo\":{\"@type\":\"ImageObject\",\"inLanguage\":\"en-US\",\"@id\":\"https:\\\/\\\/instant-seed.de\\\/#\\\/schema\\\/logo\\\/image\\\/\",\"url\":\"https:\\\/\\\/i0.wp.com\\\/instant-seed.de\\\/wp-content\\\/uploads\\\/2023\\\/09\\\/Logo-instant-seed_oben_rgb2.jpg?fit=1670%2C536&ssl=1\",\"contentUrl\":\"https:\\\/\\\/i0.wp.com\\\/instant-seed.de\\\/wp-content\\\/uploads\\\/2023\\\/09\\\/Logo-instant-seed_oben_rgb2.jpg?fit=1670%2C536&ssl=1\",\"width\":1670,\"height\":536,\"caption\":\"easySeed Saatgut-Pellets\"},\"image\":{\"@id\":\"https:\\\/\\\/instant-seed.de\\\/#\\\/schema\\\/logo\\\/image\\\/\"}}]}<\/script>\n<!-- \/ Yoast SEO plugin. -->","yoast_head_json":{"title":"easySeed\u00ae Forst - easySeed Saatgut-Pellets","description":"Wir pelletieren Saatgut aller Baumarten: Schutz des Saatgutes, Verbesserung der Keimrate, Kostensenkung bei Aufforstung und Wiederaufforstung","robots":{"index":"index","follow":"follow","max-snippet":"max-snippet:-1","max-image-preview":"max-image-preview:large","max-video-preview":"max-video-preview:-1"},"canonical":"https:\/\/instant-seed.de\/en\/easyseed-forst\/","og_locale":"en_US","og_type":"article","og_title":"easySeed\u00ae Forst - easySeed Saatgut-Pellets","og_description":"Wir pelletieren Saatgut aller Baumarten: Schutz des Saatgutes, Verbesserung der Keimrate, Kostensenkung bei Aufforstung und Wiederaufforstung","og_url":"https:\/\/instant-seed.de\/en\/easyseed-forst\/","og_site_name":"easySeed Saatgut-Pellets","article_modified_time":"2025-10-30T14:00:19+00:00","og_image":[{"url":"https:\/\/instant-seed.de\/wp-content\/uploads\/2025\/08\/20250325_102529-Kopie-1024x344.jpg","type":"","width":"","height":""}],"twitter_card":"summary_large_image","twitter_misc":{"Est. reading time":"1 minute"},"schema":{"@context":"https:\/\/schema.org","@graph":[{"@type":"WebPage","@id":"https:\/\/instant-seed.de\/easyseed-forst\/","url":"https:\/\/instant-seed.de\/easyseed-forst\/","name":"easySeed\u00ae Forst - easySeed Saatgut-Pellets","isPartOf":{"@id":"https:\/\/instant-seed.de\/#website"},"primaryImageOfPage":{"@id":"https:\/\/instant-seed.de\/easyseed-forst\/#primaryimage"},"image":{"@id":"https:\/\/instant-seed.de\/easyseed-forst\/#primaryimage"},"thumbnailUrl":"https:\/\/instant-seed.de\/wp-content\/uploads\/2025\/08\/20250325_102529-Kopie-1024x344.jpg","datePublished":"2021-01-25T12:22:22+00:00","dateModified":"2025-10-30T14:00:19+00:00","description":"Wir pelletieren Saatgut aller Baumarten: Schutz des Saatgutes, Verbesserung der Keimrate, Kostensenkung bei Aufforstung und Wiederaufforstung","breadcrumb":{"@id":"https:\/\/instant-seed.de\/easyseed-forst\/#breadcrumb"},"inLanguage":"en-US","potentialAction":[{"@type":"ReadAction","target":["https:\/\/instant-seed.de\/easyseed-forst\/"]}]},{"@type":"ImageObject","inLanguage":"en-US","@id":"https:\/\/instant-seed.de\/easyseed-forst\/#primaryimage","url":"https:\/\/instant-seed.de\/wp-content\/uploads\/2025\/08\/20250325_102529-Kopie-1024x344.jpg","contentUrl":"https:\/\/instant-seed.de\/wp-content\/uploads\/2025\/08\/20250325_102529-Kopie-1024x344.jpg"},{"@type":"BreadcrumbList","@id":"https:\/\/instant-seed.de\/easyseed-forst\/#breadcrumb","itemListElement":[{"@type":"ListItem","position":1,"name":"Startseite","item":"https:\/\/instant-seed.de\/"},{"@type":"ListItem","position":2,"name":"easySeed\u00ae Forst"}]},{"@type":"WebSite","@id":"https:\/\/instant-seed.de\/#website","url":"https:\/\/instant-seed.de\/","name":"easySeed Saatgut-Pellets","description":"aus Samen von B\u00e4umen, Blumen, Kr\u00e4utern, Gr\u00e4sern und Rasen","publisher":{"@id":"https:\/\/instant-seed.de\/#organization"},"potentialAction":[{"@type":"SearchAction","target":{"@type":"EntryPoint","urlTemplate":"https:\/\/instant-seed.de\/?s={search_term_string}"},"query-input":{"@type":"PropertyValueSpecification","valueRequired":true,"valueName":"search_term_string"}}],"inLanguage":"en-US"},{"@type":"Organization","@id":"https:\/\/instant-seed.de\/#organization","name":"easySeed Saatgut-Pellets","url":"https:\/\/instant-seed.de\/","logo":{"@type":"ImageObject","inLanguage":"en-US","@id":"https:\/\/instant-seed.de\/#\/schema\/logo\/image\/","url":"https:\/\/i0.wp.com\/instant-seed.de\/wp-content\/uploads\/2023\/09\/Logo-instant-seed_oben_rgb2.jpg?fit=1670%2C536&ssl=1","contentUrl":"https:\/\/i0.wp.com\/instant-seed.de\/wp-content\/uploads\/2023\/09\/Logo-instant-seed_oben_rgb2.jpg?fit=1670%2C536&ssl=1","width":1670,"height":536,"caption":"easySeed Saatgut-Pellets"},"image":{"@id":"https:\/\/instant-seed.de\/#\/schema\/logo\/image\/"}}]}},"jetpack_likes_enabled":true,"jetpack_sharing_enabled":true,"jetpack_shortlink":"https:\/\/wp.me\/PcJlRv-7u","jetpack-related-posts":[],"_links":{"self":[{"href":"https:\/\/instant-seed.de\/en\/wp-json\/wp\/v2\/pages\/464","targetHints":{"allow":["GET"]}}],"collection":[{"href":"https:\/\/instant-seed.de\/en\/wp-json\/wp\/v2\/pages"}],"about":[{"href":"https:\/\/instant-seed.de\/en\/wp-json\/wp\/v2\/types\/page"}],"author":[{"embeddable":true,"href":"https:\/\/instant-seed.de\/en\/wp-json\/wp\/v2\/users\/199994877"}],"replies":[{"embeddable":true,"href":"https:\/\/instant-seed.de\/en\/wp-json\/wp\/v2\/comments?post=464"}],"version-history":[{"count":100,"href":"https:\/\/instant-seed.de\/en\/wp-json\/wp\/v2\/pages\/464\/revisions"}],"predecessor-version":[{"id":7374,"href":"https:\/\/instant-seed.de\/en\/wp-json\/wp\/v2\/pages\/464\/revisions\/7374"}],"wp:attachment":[{"href":"https:\/\/instant-seed.de\/en\/wp-json\/wp\/v2\/media?parent=464"}],"curies":[{"name":"wp","href":"https:\/\/api.w.org\/{rel}","templated":true}]}}