{"id":430,"date":"2021-01-25T12:57:49","date_gmt":"2021-01-25T11:57:49","guid":{"rendered":"https:\/\/instant-seed.de\/?page_id=430"},"modified":"2025-08-29T10:08:34","modified_gmt":"2025-08-29T08:08:34","slug":"impressum","status":"publish","type":"page","link":"https:\/\/instant-seed.de\/en\/impressum\/","title":{"rendered":"Imprint"},"content":{"rendered":"<figure class=\"wp-block-image alignfull size-large is-style-default\"><img data-recalc-dims=\"1\" loading=\"lazy\" decoding=\"async\" width=\"1024\" height=\"432\" data-attachment-id=\"1157\" data-permalink=\"https:\/\/instant-seed.de\/en\/flowers-on-a-meadow-and-the-blue-sky-2\/\" data-orig-file=\"https:\/\/i0.wp.com\/instant-seed.de\/wp-content\/uploads\/2021\/02\/START-neu.jpg?fit=8579%2C3619&amp;ssl=1\" data-orig-size=\"8579,3619\" data-comments-opened=\"1\" data-image-meta=\"{&quot;aperture&quot;:&quot;14&quot;,&quot;credit&quot;:&quot;Getty Images\/iStockphoto&quot;,&quot;camera&quot;:&quot;NIKON D7100&quot;,&quot;caption&quot;:&quot;Colorful spring flowers on a meadow in panorama format, with the blue sky and white clouds in the background&quot;,&quot;created_timestamp&quot;:&quot;1469145600&quot;,&quot;copyright&quot;:&quot;Smileus&quot;,&quot;focal_length&quot;:&quot;35&quot;,&quot;iso&quot;:&quot;320&quot;,&quot;shutter_speed&quot;:&quot;0.025&quot;,&quot;title&quot;:&quot;Flowers on a meadow and the blue sky&quot;,&quot;orientation&quot;:&quot;1&quot;}\" data-image-title=\"Flowers on a meadow and the blue sky\" data-image-description=\"\" data-image-caption=\"&lt;p&gt;Colorful spring flowers on a meadow in panorama format, with the blue sky and white clouds in the background&lt;\/p&gt;\" data-large-file=\"https:\/\/i0.wp.com\/instant-seed.de\/wp-content\/uploads\/2021\/02\/START-neu.jpg?fit=1024%2C432&amp;ssl=1\" src=\"https:\/\/i0.wp.com\/instant-seed.de\/wp-content\/uploads\/2021\/02\/START-neu.jpg?resize=1024%2C432&#038;ssl=1\" alt=\"Wiese\" class=\"wp-image-1157\" srcset=\"https:\/\/i0.wp.com\/instant-seed.de\/wp-content\/uploads\/2021\/02\/START-neu.jpg?resize=1024%2C432&amp;ssl=1 1024w, https:\/\/i0.wp.com\/instant-seed.de\/wp-content\/uploads\/2021\/02\/START-neu.jpg?resize=300%2C127&amp;ssl=1 300w, https:\/\/i0.wp.com\/instant-seed.de\/wp-content\/uploads\/2021\/02\/START-neu.jpg?resize=768%2C324&amp;ssl=1 768w, https:\/\/i0.wp.com\/instant-seed.de\/wp-content\/uploads\/2021\/02\/START-neu.jpg?resize=1536%2C648&amp;ssl=1 1536w, https:\/\/i0.wp.com\/instant-seed.de\/wp-content\/uploads\/2021\/02\/START-neu.jpg?resize=2048%2C864&amp;ssl=1 2048w, https:\/\/i0.wp.com\/instant-seed.de\/wp-content\/uploads\/2021\/02\/START-neu.jpg?resize=1200%2C506&amp;ssl=1 1200w, https:\/\/i0.wp.com\/instant-seed.de\/wp-content\/uploads\/2021\/02\/START-neu.jpg?w=2400&amp;ssl=1 2400w, https:\/\/i0.wp.com\/instant-seed.de\/wp-content\/uploads\/2021\/02\/START-neu.jpg?w=3600&amp;ssl=1 3600w\" sizes=\"auto, (max-width: 1024px) 100vw, 1024px\" \/><\/figure>\n\n\n\n<div class=\"wp-block-columns alignwide section_wrap is-layout-flex wp-container-core-columns-is-layout-8f761849 wp-block-columns-is-layout-flex\">\n<div class=\"wp-block-column is-layout-flow wp-block-column-is-layout-flow\">\n<h3 class=\"wp-block-heading has-text-align-center\">According to \u00a7 5 TMG:&nbsp;<\/h3>\n\n\n\n<p class=\"has-text-align-center wp-block-paragraph\">Instant Seed&nbsp; GmbH,&nbsp; Platz der Freiheit 1,&nbsp;&nbsp;<br>15831 Blankenfelde-Mahlow, Brandenburg, Germany<\/p>\n\n\n\n<h5 class=\"wp-block-heading has-text-align-center\">Operating site<\/h5>\n\n\n\n<p class=\"has-text-align-center wp-block-paragraph\">Sachsenhausener Str. 28A, 16515 Oranienburg<\/p>\n\n\n\n<p class=\"wp-block-paragraph\"><\/p>\n\n\n\n<h5 class=\"wp-block-heading has-text-align-center\">Represented by:&nbsp;<\/h5>\n\n\n\n<p class=\"has-text-align-center wp-block-paragraph\">Dr. Volker Weiss<\/p>\n\n\n\n<p class=\"has-text-align-center wp-block-paragraph\">Contact:&nbsp;<br>Telefon:&nbsp; +49 (0) 3379 59 69-0<br>Telefax:&nbsp;&nbsp; +49 (0) 32 12 32 47 249<br>E-Mail:&nbsp; info @ instant-seed.de<\/p>\n\n\n\n<p class=\"has-text-align-center wp-block-paragraph\">Register entry:<br>Registration in the commercial register. Register court: Potsdam HRB 27942 P<\/p>\n\n\n\n<p class=\"has-text-align-center wp-block-paragraph\">Sales tax identification number according to \u00a727 a sales tax law:<br>USt.-IdNr.&nbsp; DE300071453<\/p>\n\n\n\n<p class=\"has-text-align-center wp-block-paragraph\">Verantwortlich f\u00fcr den Inhalt nach \u00a7 18 Abs. 2 MStV.:<br>Dr. Volker Wei\u00df, Platz der Freiheit 1a,\u00a0 15831 Blankenfelde-Mahlow<\/p>\n\n\n\n<div style=\"height:4em\" aria-hidden=\"true\" class=\"wp-block-spacer\"><\/div>\n\n\n\n<h3 class=\"wp-block-heading has-text-align-center\">Disclaimer<\/h3>\n\n\n\n<p class=\"has-text-align-center wp-block-paragraph\"><strong>Liability for content<\/strong><\/p>\n\n\n\n<p class=\"has-text-align-center wp-block-paragraph\">As a service provider, we are responsible for our own content on these pages in accordance with general law in accordance with Section 7 (1) of the German Telemedia Act (TMG). According to \u00a7\u00a7 8 to 10 TMG, as a service provider, we are not obliged to monitor transmitted or stored third-party information or to research circumstances that indicate illegal activity. Obligations to remove or block the use of information according to general laws remain unaffected. However, liability in this regard is only possible from the point in time at which we become aware of a specific legal violation. As soon as we become aware of such legal violations, we will remove this content immediately. Liability for links Our offer contains links to external third-party websites over whose content we have no influence. Therefore we cannot accept any liability for this external content. The respective provider or operator of the pages is always responsible for the content of the linked pages. The linked pages were checked for possible legal violations at the time they were linked. No illegal content was found at the time the link was created. A permanent control of the content of the linked pages is not reasonable without concrete evidence of a violation of the law. As soon as we become aware of legal violations, we will remove such links immediately.<\/p>\n\n\n\n<p class=\"has-text-align-center wp-block-paragraph\"><strong>copyright<\/strong><\/p>\n\n\n\n<p class=\"has-text-align-center wp-block-paragraph\">The content and works on these pages created by the website operator are subject to German copyright law. The duplication, processing, distribution and any kind of exploitation outside the limits of copyright require the written consent of the respective author or creator. Downloads and copies of this site are only permitted for private, non-commercial use. Insofar as the content on this site was not created by the operator, the copyrights of third parties are observed. In particular contents of third parties are marked as such. If you should nevertheless become aware of a copyright infringement, we would ask you to inform us accordingly. As soon as we become aware of legal violations, we will remove such content immediately.<\/p>\n\n\n\n<p class=\"has-text-align-center wp-block-paragraph\"><strong>Data protection \/ GDPR compliance<\/strong><\/p>\n\n\n\n<p class=\"has-text-align-center wp-block-paragraph\">Our website can usually be used without providing personal data. Insofar as personal data (e.g. name, address or email address) is collected on our website, this is always done on a voluntary basis as far as possible. These data will not be passed on to third parties without your express consent. We would like to point out that data transmission over the Internet (e.g. when communicating by e-mail) can have security gaps. A complete protection of the data against access by third parties is not possible. We hereby expressly object to the use of the contact data published in the context of the imprint obligation by third parties to send advertising and information materials that have not been expressly requested. The operators of the pages expressly reserve the right to take legal action in the event of unsolicited sending of advertising information, such as spam emails. Information, deletion, blocking: You have the right to free information about your stored personal data, their origin and recipient and the purpose of the data processing as well as the right to correct, block or delete this data at any time. You can contact us at any time via the website operator's address given in the legal notice if you have further questions on the subject of personal data.&nbsp;<\/p>\n\n\n\n<p class=\"has-text-align-center wp-block-paragraph\">We meet all requirements of the GDPR (General Data Protection Regulation). We do not collect, process or save any data without the prior consent of the person concerned.<\/p>\n\n\n\n<p class=\"has-text-align-center wp-block-paragraph\"><strong>Personal data:<\/strong><\/p>\n\n\n\n<p class=\"has-text-align-center wp-block-paragraph\">We only process personal data such as your name, your postal address, your e-mail address or other contact details insofar as these have been entered by you on the website and transmitted to us and insofar as such processing is permitted by law or covered by your consent.&nbsp;<\/p>\n\n\n\n<p class=\"has-text-align-center wp-block-paragraph\">The use of certain services on our website such as B. Registration forms or inquiries make it necessary to collect, process and use personal data. In this case, we take the data minimization requirement seriously. For each of these services, we point out the purpose for which we process the personal data at the appropriate point on our website.&nbsp; &nbsp;<\/p>\n\n\n\n<p class=\"has-text-align-center wp-block-paragraph\">The personal data collected during the use of our website will generally not be passed on to third parties or otherwise transmitted, unless we are legally entitled or obliged to do so (e.g. for criminal prosecution purposes) or you have given us your Consent given.&nbsp;<\/p>\n\n\n\n<p class=\"has-text-align-center wp-block-paragraph\">If you contact us with an inquiry, we will only process your name and email address to process your inquiry and to contact you. The legal basis is Art. 6 Paragraph 1 lit. b) GDPR. All further information is voluntary and will only be processed on the basis of your consent in accordance with Article 6 (1) (a) GDPR.<\/p>\n\n\n\n<p class=\"has-text-align-center wp-block-paragraph\">External service providers that we use to operate the website or to handle certain services on our website process personal data exclusively on our behalf and are contractually obliged to comply with the applicable statutory provisions on data protection and data security. You are not considered a third party in terms of data protection law.<\/p>\n\n\n\n<p class=\"has-text-align-center wp-block-paragraph\">Source: <a href=\"http:\/\/www.e-recht24.de\" rel=\"nofollow\">http:\/\/www.e-recht24.de<\/a><\/p>\n\n\n\n<p class=\"has-text-align-center wp-block-paragraph\">Rechteinhaber f\u00fcr verwendete&nbsp;Bilder und&nbsp;Texte ist Instant Seed GmbH<\/p>\n\n\n\n<p class=\"has-text-align-center wp-block-paragraph\">AGB&nbsp; Allgemeine Gesch\u00e4ftsbedingungen k\u00f6nnen in Gesch\u00e4ftsstelle eingesehen werden.<\/p>\n<\/div>\n<\/div>","protected":false},"excerpt":{"rendered":"<p>Angaben gem\u00e4\u00df \u00a7 5 TMG:&nbsp; Instant Seed&nbsp; GmbH,&nbsp; Platz der Freiheit 1,&nbsp;&nbsp;15831 Blankenfelde-Mahlow, Brandenburg, Germany Betriebsst\u00e4tte Sachsenhausener Str. 28A, 16515 Oranienburg Vertreten durch:&nbsp; Dr. Volker Weiss Kontakt:&nbsp;Telefon:&nbsp; +49 (0) 3379 59 69-0Telefax:&nbsp;&nbsp; +49 (0) 32 12 32 47 249E-Mail:&nbsp; info @ instant-seed.de Registereintrag:Eintragung im Handelsregister.&nbsp; Registergericht: Potsdam HRB&nbsp; 27942 P Umsatzsteuer-Identifikationsnummer&nbsp; gem\u00e4\u00df \u00a727 a Umsatzsteuergesetz:USt.-IdNr.&nbsp; [&hellip;]<\/p>\n","protected":false},"author":199994877,"featured_media":0,"parent":0,"menu_order":0,"comment_status":"closed","ping_status":"closed","template":"","meta":{"_coblocks_attr":"","_coblocks_dimensions":"","_coblocks_responsive_height":"","_coblocks_accordion_ie_support":"","_crdt_document":"","ocean_post_layout":"full-screen","ocean_both_sidebars_style":"","ocean_both_sidebars_content_width":0,"ocean_both_sidebars_sidebars_width":0,"ocean_sidebar":"0","ocean_second_sidebar":"0","ocean_disable_margins":"enable","ocean_add_body_class":"","ocean_shortcode_before_top_bar":"","ocean_shortcode_after_top_bar":"","ocean_shortcode_before_header":"","ocean_shortcode_after_header":"","ocean_has_shortcode":"","ocean_shortcode_after_title":"","ocean_shortcode_before_footer_widgets":"","ocean_shortcode_after_footer_widgets":"","ocean_shortcode_before_footer_bottom":"","ocean_shortcode_after_footer_bottom":"","ocean_display_top_bar":"default","ocean_display_header":"default","ocean_header_style":"","ocean_center_header_left_menu":"0","ocean_custom_header_template":"0","ocean_custom_logo":0,"ocean_custom_retina_logo":0,"ocean_custom_logo_max_width":0,"ocean_custom_logo_tablet_max_width":0,"ocean_custom_logo_mobile_max_width":0,"ocean_custom_logo_max_height":0,"ocean_custom_logo_tablet_max_height":0,"ocean_custom_logo_mobile_max_height":0,"ocean_header_custom_menu":"0","ocean_menu_typo_font_family":"0","ocean_menu_typo_font_subset":"","ocean_menu_typo_font_size":0,"ocean_menu_typo_font_size_tablet":0,"ocean_menu_typo_font_size_mobile":0,"ocean_menu_typo_font_size_unit":"px","ocean_menu_typo_font_weight":"","ocean_menu_typo_font_weight_tablet":"","ocean_menu_typo_font_weight_mobile":"","ocean_menu_typo_transform":"","ocean_menu_typo_transform_tablet":"","ocean_menu_typo_transform_mobile":"","ocean_menu_typo_line_height":0,"ocean_menu_typo_line_height_tablet":0,"ocean_menu_typo_line_height_mobile":0,"ocean_menu_typo_line_height_unit":"","ocean_menu_typo_spacing":0,"ocean_menu_typo_spacing_tablet":0,"ocean_menu_typo_spacing_mobile":0,"ocean_menu_typo_spacing_unit":"","ocean_menu_link_color":"","ocean_menu_link_color_hover":"","ocean_menu_link_color_active":"","ocean_menu_link_background":"","ocean_menu_link_hover_background":"","ocean_menu_link_active_background":"","ocean_menu_social_links_bg":"","ocean_menu_social_hover_links_bg":"","ocean_menu_social_links_color":"","ocean_menu_social_hover_links_color":"","ocean_disable_title":"default","ocean_disable_heading":"default","ocean_post_title":"","ocean_post_subheading":"","ocean_post_title_style":"","ocean_post_title_background_color":"","ocean_post_title_background":0,"ocean_post_title_bg_image_position":"","ocean_post_title_bg_image_attachment":"","ocean_post_title_bg_image_repeat":"","ocean_post_title_bg_image_size":"","ocean_post_title_height":0,"ocean_post_title_bg_overlay":0.5,"ocean_post_title_bg_overlay_color":"","ocean_disable_breadcrumbs":"default","ocean_breadcrumbs_color":"","ocean_breadcrumbs_separator_color":"","ocean_breadcrumbs_links_color":"","ocean_breadcrumbs_links_hover_color":"","ocean_display_footer_widgets":"default","ocean_display_footer_bottom":"default","ocean_custom_footer_template":"0","footnotes":""},"class_list":["post-430","page","type-page","status-publish","hentry","entry"],"yoast_head":"<!-- This site is optimized with the Yoast SEO plugin v27.6 - https:\/\/yoast.com\/product\/yoast-seo-wordpress\/ -->\n<title>Impressum - easySeed Saatgut-Pellets<\/title>\n<meta name=\"robots\" content=\"index, follow, max-snippet:-1, max-image-preview:large, max-video-preview:-1\" \/>\n<link rel=\"canonical\" href=\"https:\/\/instant-seed.de\/en\/impressum\/\" \/>\n<meta property=\"og:locale\" content=\"en_US\" \/>\n<meta property=\"og:type\" content=\"article\" \/>\n<meta property=\"og:title\" content=\"Impressum - easySeed Saatgut-Pellets\" \/>\n<meta property=\"og:description\" content=\"Angaben gem\u00e4\u00df \u00a7 5 TMG:&nbsp; Instant Seed&nbsp; GmbH,&nbsp; Platz der Freiheit 1,&nbsp;&nbsp;15831 Blankenfelde-Mahlow, Brandenburg, Germany Betriebsst\u00e4tte Sachsenhausener Str. 28A, 16515 Oranienburg Vertreten durch:&nbsp; Dr. Volker Weiss Kontakt:&nbsp;Telefon:&nbsp; +49 (0) 3379 59 69-0Telefax:&nbsp;&nbsp; +49 (0) 32 12 32 47 249E-Mail:&nbsp; info @ instant-seed.de Registereintrag:Eintragung im Handelsregister.&nbsp; Registergericht: Potsdam HRB&nbsp; 27942 P Umsatzsteuer-Identifikationsnummer&nbsp; gem\u00e4\u00df \u00a727 a Umsatzsteuergesetz:USt.-IdNr.&nbsp; [&hellip;]\" \/>\n<meta property=\"og:url\" content=\"https:\/\/instant-seed.de\/en\/impressum\/\" \/>\n<meta property=\"og:site_name\" content=\"easySeed Saatgut-Pellets\" \/>\n<meta property=\"article:modified_time\" content=\"2025-08-29T08:08:34+00:00\" \/>\n<meta property=\"og:image\" content=\"https:\/\/instant-seed.de\/wp-content\/uploads\/2021\/02\/START-neu-1024x432.jpg\" \/>\n<meta name=\"twitter:card\" content=\"summary_large_image\" \/>\n<meta name=\"twitter:label1\" content=\"Est. reading time\" \/>\n\t<meta name=\"twitter:data1\" content=\"5 minutes\" \/>\n<script type=\"application\/ld+json\" class=\"yoast-schema-graph\">{\"@context\":\"https:\\\/\\\/schema.org\",\"@graph\":[{\"@type\":\"WebPage\",\"@id\":\"https:\\\/\\\/instant-seed.de\\\/impressum\\\/\",\"url\":\"https:\\\/\\\/instant-seed.de\\\/impressum\\\/\",\"name\":\"Impressum - easySeed Saatgut-Pellets\",\"isPartOf\":{\"@id\":\"https:\\\/\\\/instant-seed.de\\\/#website\"},\"primaryImageOfPage\":{\"@id\":\"https:\\\/\\\/instant-seed.de\\\/impressum\\\/#primaryimage\"},\"image\":{\"@id\":\"https:\\\/\\\/instant-seed.de\\\/impressum\\\/#primaryimage\"},\"thumbnailUrl\":\"https:\\\/\\\/instant-seed.de\\\/wp-content\\\/uploads\\\/2021\\\/02\\\/START-neu-1024x432.jpg\",\"datePublished\":\"2021-01-25T11:57:49+00:00\",\"dateModified\":\"2025-08-29T08:08:34+00:00\",\"breadcrumb\":{\"@id\":\"https:\\\/\\\/instant-seed.de\\\/impressum\\\/#breadcrumb\"},\"inLanguage\":\"en-US\",\"potentialAction\":[{\"@type\":\"ReadAction\",\"target\":[\"https:\\\/\\\/instant-seed.de\\\/impressum\\\/\"]}]},{\"@type\":\"ImageObject\",\"inLanguage\":\"en-US\",\"@id\":\"https:\\\/\\\/instant-seed.de\\\/impressum\\\/#primaryimage\",\"url\":\"https:\\\/\\\/instant-seed.de\\\/wp-content\\\/uploads\\\/2021\\\/02\\\/START-neu-1024x432.jpg\",\"contentUrl\":\"https:\\\/\\\/instant-seed.de\\\/wp-content\\\/uploads\\\/2021\\\/02\\\/START-neu-1024x432.jpg\"},{\"@type\":\"BreadcrumbList\",\"@id\":\"https:\\\/\\\/instant-seed.de\\\/impressum\\\/#breadcrumb\",\"itemListElement\":[{\"@type\":\"ListItem\",\"position\":1,\"name\":\"Startseite\",\"item\":\"https:\\\/\\\/instant-seed.de\\\/\"},{\"@type\":\"ListItem\",\"position\":2,\"name\":\"Impressum\"}]},{\"@type\":\"WebSite\",\"@id\":\"https:\\\/\\\/instant-seed.de\\\/#website\",\"url\":\"https:\\\/\\\/instant-seed.de\\\/\",\"name\":\"easySeed Saatgut-Pellets\",\"description\":\"aus Samen von B\u00e4umen, Blumen, Kr\u00e4utern, Gr\u00e4sern und Rasen\",\"publisher\":{\"@id\":\"https:\\\/\\\/instant-seed.de\\\/#organization\"},\"potentialAction\":[{\"@type\":\"SearchAction\",\"target\":{\"@type\":\"EntryPoint\",\"urlTemplate\":\"https:\\\/\\\/instant-seed.de\\\/?s={search_term_string}\"},\"query-input\":{\"@type\":\"PropertyValueSpecification\",\"valueRequired\":true,\"valueName\":\"search_term_string\"}}],\"inLanguage\":\"en-US\"},{\"@type\":\"Organization\",\"@id\":\"https:\\\/\\\/instant-seed.de\\\/#organization\",\"name\":\"easySeed Saatgut-Pellets\",\"url\":\"https:\\\/\\\/instant-seed.de\\\/\",\"logo\":{\"@type\":\"ImageObject\",\"inLanguage\":\"en-US\",\"@id\":\"https:\\\/\\\/instant-seed.de\\\/#\\\/schema\\\/logo\\\/image\\\/\",\"url\":\"https:\\\/\\\/i0.wp.com\\\/instant-seed.de\\\/wp-content\\\/uploads\\\/2023\\\/09\\\/Logo-instant-seed_oben_rgb2.jpg?fit=1670%2C536&ssl=1\",\"contentUrl\":\"https:\\\/\\\/i0.wp.com\\\/instant-seed.de\\\/wp-content\\\/uploads\\\/2023\\\/09\\\/Logo-instant-seed_oben_rgb2.jpg?fit=1670%2C536&ssl=1\",\"width\":1670,\"height\":536,\"caption\":\"easySeed Saatgut-Pellets\"},\"image\":{\"@id\":\"https:\\\/\\\/instant-seed.de\\\/#\\\/schema\\\/logo\\\/image\\\/\"}}]}<\/script>\n<!-- \/ Yoast SEO plugin. -->","yoast_head_json":{"title":"Impressum - easySeed Saatgut-Pellets","robots":{"index":"index","follow":"follow","max-snippet":"max-snippet:-1","max-image-preview":"max-image-preview:large","max-video-preview":"max-video-preview:-1"},"canonical":"https:\/\/instant-seed.de\/en\/impressum\/","og_locale":"en_US","og_type":"article","og_title":"Impressum - easySeed Saatgut-Pellets","og_description":"Angaben gem\u00e4\u00df \u00a7 5 TMG:&nbsp; Instant Seed&nbsp; GmbH,&nbsp; Platz der Freiheit 1,&nbsp;&nbsp;15831 Blankenfelde-Mahlow, Brandenburg, Germany Betriebsst\u00e4tte Sachsenhausener Str. 28A, 16515 Oranienburg Vertreten durch:&nbsp; Dr. Volker Weiss Kontakt:&nbsp;Telefon:&nbsp; +49 (0) 3379 59 69-0Telefax:&nbsp;&nbsp; +49 (0) 32 12 32 47 249E-Mail:&nbsp; info @ instant-seed.de Registereintrag:Eintragung im Handelsregister.&nbsp; Registergericht: Potsdam HRB&nbsp; 27942 P Umsatzsteuer-Identifikationsnummer&nbsp; gem\u00e4\u00df \u00a727 a Umsatzsteuergesetz:USt.-IdNr.&nbsp; [&hellip;]","og_url":"https:\/\/instant-seed.de\/en\/impressum\/","og_site_name":"easySeed Saatgut-Pellets","article_modified_time":"2025-08-29T08:08:34+00:00","og_image":[{"url":"https:\/\/instant-seed.de\/wp-content\/uploads\/2021\/02\/START-neu-1024x432.jpg","type":"","width":"","height":""}],"twitter_card":"summary_large_image","twitter_misc":{"Est. reading time":"5 minutes"},"schema":{"@context":"https:\/\/schema.org","@graph":[{"@type":"WebPage","@id":"https:\/\/instant-seed.de\/impressum\/","url":"https:\/\/instant-seed.de\/impressum\/","name":"Impressum - easySeed Saatgut-Pellets","isPartOf":{"@id":"https:\/\/instant-seed.de\/#website"},"primaryImageOfPage":{"@id":"https:\/\/instant-seed.de\/impressum\/#primaryimage"},"image":{"@id":"https:\/\/instant-seed.de\/impressum\/#primaryimage"},"thumbnailUrl":"https:\/\/instant-seed.de\/wp-content\/uploads\/2021\/02\/START-neu-1024x432.jpg","datePublished":"2021-01-25T11:57:49+00:00","dateModified":"2025-08-29T08:08:34+00:00","breadcrumb":{"@id":"https:\/\/instant-seed.de\/impressum\/#breadcrumb"},"inLanguage":"en-US","potentialAction":[{"@type":"ReadAction","target":["https:\/\/instant-seed.de\/impressum\/"]}]},{"@type":"ImageObject","inLanguage":"en-US","@id":"https:\/\/instant-seed.de\/impressum\/#primaryimage","url":"https:\/\/instant-seed.de\/wp-content\/uploads\/2021\/02\/START-neu-1024x432.jpg","contentUrl":"https:\/\/instant-seed.de\/wp-content\/uploads\/2021\/02\/START-neu-1024x432.jpg"},{"@type":"BreadcrumbList","@id":"https:\/\/instant-seed.de\/impressum\/#breadcrumb","itemListElement":[{"@type":"ListItem","position":1,"name":"Startseite","item":"https:\/\/instant-seed.de\/"},{"@type":"ListItem","position":2,"name":"Impressum"}]},{"@type":"WebSite","@id":"https:\/\/instant-seed.de\/#website","url":"https:\/\/instant-seed.de\/","name":"easySeed Saatgut-Pellets","description":"aus Samen von B\u00e4umen, Blumen, Kr\u00e4utern, Gr\u00e4sern und Rasen","publisher":{"@id":"https:\/\/instant-seed.de\/#organization"},"potentialAction":[{"@type":"SearchAction","target":{"@type":"EntryPoint","urlTemplate":"https:\/\/instant-seed.de\/?s={search_term_string}"},"query-input":{"@type":"PropertyValueSpecification","valueRequired":true,"valueName":"search_term_string"}}],"inLanguage":"en-US"},{"@type":"Organization","@id":"https:\/\/instant-seed.de\/#organization","name":"easySeed Saatgut-Pellets","url":"https:\/\/instant-seed.de\/","logo":{"@type":"ImageObject","inLanguage":"en-US","@id":"https:\/\/instant-seed.de\/#\/schema\/logo\/image\/","url":"https:\/\/i0.wp.com\/instant-seed.de\/wp-content\/uploads\/2023\/09\/Logo-instant-seed_oben_rgb2.jpg?fit=1670%2C536&ssl=1","contentUrl":"https:\/\/i0.wp.com\/instant-seed.de\/wp-content\/uploads\/2023\/09\/Logo-instant-seed_oben_rgb2.jpg?fit=1670%2C536&ssl=1","width":1670,"height":536,"caption":"easySeed Saatgut-Pellets"},"image":{"@id":"https:\/\/instant-seed.de\/#\/schema\/logo\/image\/"}}]}},"jetpack_likes_enabled":true,"jetpack_sharing_enabled":true,"jetpack_shortlink":"https:\/\/wp.me\/PcJlRv-6W","jetpack-related-posts":[],"_links":{"self":[{"href":"https:\/\/instant-seed.de\/en\/wp-json\/wp\/v2\/pages\/430","targetHints":{"allow":["GET"]}}],"collection":[{"href":"https:\/\/instant-seed.de\/en\/wp-json\/wp\/v2\/pages"}],"about":[{"href":"https:\/\/instant-seed.de\/en\/wp-json\/wp\/v2\/types\/page"}],"author":[{"embeddable":true,"href":"https:\/\/instant-seed.de\/en\/wp-json\/wp\/v2\/users\/199994877"}],"replies":[{"embeddable":true,"href":"https:\/\/instant-seed.de\/en\/wp-json\/wp\/v2\/comments?post=430"}],"version-history":[{"count":35,"href":"https:\/\/instant-seed.de\/en\/wp-json\/wp\/v2\/pages\/430\/revisions"}],"predecessor-version":[{"id":7104,"href":"https:\/\/instant-seed.de\/en\/wp-json\/wp\/v2\/pages\/430\/revisions\/7104"}],"wp:attachment":[{"href":"https:\/\/instant-seed.de\/en\/wp-json\/wp\/v2\/media?parent=430"}],"curies":[{"name":"wp","href":"https:\/\/api.w.org\/{rel}","templated":true}]}}