{"id":4129,"date":"2024-05-02T16:45:37","date_gmt":"2024-05-02T14:45:37","guid":{"rendered":"https:\/\/instant-seed.de\/?page_id=4129"},"modified":"2024-11-13T17:57:29","modified_gmt":"2024-11-13T16:57:29","slug":"ueber-uns","status":"publish","type":"page","link":"https:\/\/instant-seed.de\/en\/ueber-uns\/","title":{"rendered":"About"},"content":{"rendered":"<div class=\"wp-block-cover alignwide\"><span aria-hidden=\"true\" class=\"wp-block-cover__background has-background-dim-30 has-background-dim wp-block-cover__gradient-background has-background-gradient\" style=\"background-color:#716b4f;background:linear-gradient(180deg,rgb(254,254,254) 0%,rgb(63,125,73) 98%)\"><\/span><img data-recalc-dims=\"1\" loading=\"lazy\" decoding=\"async\" width=\"1200\" height=\"402\" data-attachment-id=\"4154\" data-permalink=\"https:\/\/instant-seed.de\/en\/ueber-uns\/homepage-ueber-uns-2-pict-set-a-mod\/\" data-orig-file=\"https:\/\/i0.wp.com\/instant-seed.de\/wp-content\/uploads\/2024\/05\/homepage-ueber-uns-2-pict-set-A-mod.jpg?fit=3077%2C1031&amp;ssl=1\" data-orig-size=\"3077,1031\" data-comments-opened=\"1\" data-image-meta=\"{&quot;aperture&quot;:&quot;0&quot;,&quot;credit&quot;:&quot;&quot;,&quot;camera&quot;:&quot;&quot;,&quot;caption&quot;:&quot;&quot;,&quot;created_timestamp&quot;:&quot;0&quot;,&quot;copyright&quot;:&quot;&quot;,&quot;focal_length&quot;:&quot;0&quot;,&quot;iso&quot;:&quot;0&quot;,&quot;shutter_speed&quot;:&quot;0&quot;,&quot;title&quot;:&quot;&quot;,&quot;orientation&quot;:&quot;0&quot;}\" data-image-title=\"homepage-ueber-uns-2-pict-set-A-mod\" data-image-description=\"\" data-image-caption=\"\" data-large-file=\"https:\/\/i0.wp.com\/instant-seed.de\/wp-content\/uploads\/2024\/05\/homepage-ueber-uns-2-pict-set-A-mod.jpg?fit=1024%2C343&amp;ssl=1\" class=\"wp-block-cover__image-background wp-image-4154\" alt=\"\" src=\"https:\/\/i0.wp.com\/instant-seed.de\/wp-content\/uploads\/2024\/05\/homepage-ueber-uns-2-pict-set-A-mod.jpg?resize=1200%2C402&#038;ssl=1\" style=\"object-position:70% 90%\" data-object-fit=\"cover\" data-object-position=\"70% 90%\" srcset=\"https:\/\/i0.wp.com\/instant-seed.de\/wp-content\/uploads\/2024\/05\/homepage-ueber-uns-2-pict-set-A-mod.jpg?w=3077&amp;ssl=1 3077w, https:\/\/i0.wp.com\/instant-seed.de\/wp-content\/uploads\/2024\/05\/homepage-ueber-uns-2-pict-set-A-mod.jpg?resize=300%2C101&amp;ssl=1 300w, https:\/\/i0.wp.com\/instant-seed.de\/wp-content\/uploads\/2024\/05\/homepage-ueber-uns-2-pict-set-A-mod.jpg?resize=1024%2C343&amp;ssl=1 1024w, https:\/\/i0.wp.com\/instant-seed.de\/wp-content\/uploads\/2024\/05\/homepage-ueber-uns-2-pict-set-A-mod.jpg?resize=768%2C257&amp;ssl=1 768w, https:\/\/i0.wp.com\/instant-seed.de\/wp-content\/uploads\/2024\/05\/homepage-ueber-uns-2-pict-set-A-mod.jpg?resize=1536%2C515&amp;ssl=1 1536w, https:\/\/i0.wp.com\/instant-seed.de\/wp-content\/uploads\/2024\/05\/homepage-ueber-uns-2-pict-set-A-mod.jpg?resize=2048%2C686&amp;ssl=1 2048w, https:\/\/i0.wp.com\/instant-seed.de\/wp-content\/uploads\/2024\/05\/homepage-ueber-uns-2-pict-set-A-mod.jpg?resize=18%2C6&amp;ssl=1 18w, https:\/\/i0.wp.com\/instant-seed.de\/wp-content\/uploads\/2024\/05\/homepage-ueber-uns-2-pict-set-A-mod.jpg?resize=1200%2C402&amp;ssl=1 1200w, https:\/\/i0.wp.com\/instant-seed.de\/wp-content\/uploads\/2024\/05\/homepage-ueber-uns-2-pict-set-A-mod.jpg?w=2400&amp;ssl=1 2400w\" sizes=\"auto, (max-width: 1200px) 100vw, 1200px\" \/><div class=\"wp-block-cover__inner-container is-layout-constrained wp-block-cover-is-layout-constrained\">\n<h1 class=\"wp-block-heading has-text-align-center\">We produce in Oranienburg, not far from the Berlin city limits<\/h1>\n<\/div><\/div>\n\n\n\n<div class=\"wp-block-columns section_wrap has-background is-layout-flex wp-container-core-columns-is-layout-8f761849 wp-block-columns-is-layout-flex\" style=\"background-color:#e7e3d9b3\">\n<div class=\"wp-block-column is-layout-flow wp-block-column-is-layout-flow\" style=\"flex-basis:90%\">\n<h2 class=\"wp-block-heading has-text-align-left\"><strong>Our passion for natural growth<\/strong><\/h2>\n\n\n\n<h3 class=\"wp-block-heading has-text-align-center\"><strong>Lawn, flower\/herb, shrub and tree seed pellets<\/strong><\/h3>\n\n\n\n<p class=\"wp-block-paragraph\">We are two generations of engineers and today we process various seed varieties into pellets using our patented easySeed\u00ae protective coating technology. We only use BIO-compliant, natural materials for coating the seeds with clay, silt and other materials.<br><br>INSTANT SEED GmbH was founded as a start-up company in 2015 with its headquarters and business premises in Brandenburg, not far from the Berlin city limits.<\/p>\n<\/div>\n<\/div>\n\n\n\n<div class=\"wp-block-group alignwide section_wrap\"><div class=\"wp-block-group__inner-container is-layout-constrained wp-block-group-is-layout-constrained\">\n<h2 class=\"wp-block-heading has-text-align-center\">We look forward to seeing you!<\/h2>\n\n\n\n<div class=\"wp-block-button aligncenter is-style-outline is-style-outline--1\"><a class=\"wp-block-button__link wp-element-button\" href=\"\/en\/kontakt\/\">Contact form<\/a><\/div>\n<\/div><\/div>\n\n\n\n<div class=\"wp-block-columns has-background is-layout-flex wp-container-core-columns-is-layout-8f761849 wp-block-columns-is-layout-flex\" style=\"background-color:#073e1e\">\n<div class=\"wp-block-column is-layout-flow wp-block-column-is-layout-flow\" style=\"flex-basis:25%\"><\/div>\n\n\n\n<div class=\"wp-block-column is-layout-flow wp-block-column-is-layout-flow\" style=\"flex-basis:90%\">\n<div class=\"wp-block-columns icons_wrap is-layout-flex wp-container-core-columns-is-layout-8f761849 wp-block-columns-is-layout-flex\">\n<div class=\"wp-block-column is-layout-flow wp-block-column-is-layout-flow\"><div class=\"wp-block-image is-resized is-style-default\">\n<figure class=\"aligncenter size-full\"><img data-recalc-dims=\"1\" loading=\"lazy\" decoding=\"async\" width=\"476\" height=\"476\" src=\"https:\/\/i0.wp.com\/instant-seed.de\/wp-content\/uploads\/2023\/10\/InovMed2022-1.png?resize=476%2C476&#038;ssl=1\" alt=\"\" class=\"wp-image-3005\" style=\"aspect-ratio:1;object-fit:cover;width:150px\" srcset=\"https:\/\/i0.wp.com\/instant-seed.de\/wp-content\/uploads\/2023\/10\/InovMed2022-1.png?w=476&amp;ssl=1 476w, https:\/\/i0.wp.com\/instant-seed.de\/wp-content\/uploads\/2023\/10\/InovMed2022-1.png?resize=300%2C300&amp;ssl=1 300w, https:\/\/i0.wp.com\/instant-seed.de\/wp-content\/uploads\/2023\/10\/InovMed2022-1.png?resize=150%2C150&amp;ssl=1 150w, https:\/\/i0.wp.com\/instant-seed.de\/wp-content\/uploads\/2023\/10\/InovMed2022-1.png?resize=12%2C12&amp;ssl=1 12w, https:\/\/i0.wp.com\/instant-seed.de\/wp-content\/uploads\/2023\/10\/InovMed2022-1.png?resize=400%2C400&amp;ssl=1 400w, https:\/\/i0.wp.com\/instant-seed.de\/wp-content\/uploads\/2023\/10\/InovMed2022-1.png?resize=200%2C200&amp;ssl=1 200w\" sizes=\"auto, (max-width: 476px) 100vw, 476px\" \/><\/figure>\n<\/div><\/div>\n\n\n\n<div class=\"wp-block-column is-layout-flow wp-block-column-is-layout-flow\"><div class=\"wp-block-image is-resized is-style-default\">\n<figure class=\"aligncenter size-full\"><img data-recalc-dims=\"1\" loading=\"lazy\" decoding=\"async\" width=\"400\" height=\"316\" src=\"https:\/\/i0.wp.com\/instant-seed.de\/wp-content\/uploads\/2023\/10\/Award-Innovation.png?resize=400%2C316&#038;ssl=1\" alt=\"\" class=\"wp-image-3142\" style=\"width:168px;height:auto\" srcset=\"https:\/\/i0.wp.com\/instant-seed.de\/wp-content\/uploads\/2023\/10\/Award-Innovation.png?w=400&amp;ssl=1 400w, https:\/\/i0.wp.com\/instant-seed.de\/wp-content\/uploads\/2023\/10\/Award-Innovation.png?resize=300%2C237&amp;ssl=1 300w, https:\/\/i0.wp.com\/instant-seed.de\/wp-content\/uploads\/2023\/10\/Award-Innovation.png?resize=15%2C12&amp;ssl=1 15w\" sizes=\"auto, (max-width: 400px) 100vw, 400px\" \/><\/figure>\n<\/div><\/div>\n<\/div>\n<\/div>\n\n\n\n<div class=\"wp-block-column is-layout-flow wp-block-column-is-layout-flow\" style=\"flex-basis:25%\"><\/div>\n<\/div>\n\n\n\n<div style=\"height:3px\" aria-hidden=\"true\" class=\"wp-block-spacer\"><\/div>","protected":false},"excerpt":{"rendered":"<p>Unsere Leidenschaft f\u00fcr nat\u00fcrliches Wachstum Rasen-, Blumen-\/Kr\u00e4uter, Geh\u00f6lz- und Baum-Saatgut-Pellets Wir sind zwei Generationen von Ingenieuren und verarbeiten heute mit unserer patentierten easySeed\u00ae Schutzmantel-Technologie diverse Saatgut-Sorten zu Pellets. Hierbei verwenden wir f\u00fcr das Ummanteln (Coating) des Saatgutes, mit Lehm, Schluff &amp; Co., ausschlie\u00dflich BIO-konforme, nat\u00fcrliche Materialien. Die INSTANT SEED GmbH wurde als Startup-Unternehmen 2015 gegr\u00fcndet [&hellip;]<\/p>\n","protected":false},"author":199994877,"featured_media":0,"parent":0,"menu_order":0,"comment_status":"closed","ping_status":"closed","template":"","meta":{"_coblocks_attr":"","_coblocks_dimensions":"","_coblocks_responsive_height":"","_coblocks_accordion_ie_support":"","_crdt_document":"","ocean_post_layout":"full-screen","ocean_both_sidebars_style":"","ocean_both_sidebars_content_width":0,"ocean_both_sidebars_sidebars_width":0,"ocean_sidebar":"","ocean_second_sidebar":"","ocean_disable_margins":"enable","ocean_add_body_class":"","ocean_shortcode_before_top_bar":"","ocean_shortcode_after_top_bar":"","ocean_shortcode_before_header":"","ocean_shortcode_after_header":"","ocean_has_shortcode":"","ocean_shortcode_after_title":"","ocean_shortcode_before_footer_widgets":"","ocean_shortcode_after_footer_widgets":"","ocean_shortcode_before_footer_bottom":"","ocean_shortcode_after_footer_bottom":"","ocean_display_top_bar":"off","ocean_display_header":"on","ocean_header_style":"","ocean_center_header_left_menu":"","ocean_custom_header_template":"","ocean_custom_logo":0,"ocean_custom_retina_logo":0,"ocean_custom_logo_max_width":0,"ocean_custom_logo_tablet_max_width":0,"ocean_custom_logo_mobile_max_width":0,"ocean_custom_logo_max_height":0,"ocean_custom_logo_tablet_max_height":0,"ocean_custom_logo_mobile_max_height":0,"ocean_header_custom_menu":"","ocean_menu_typo_font_family":"","ocean_menu_typo_font_subset":"","ocean_menu_typo_font_size":0,"ocean_menu_typo_font_size_tablet":0,"ocean_menu_typo_font_size_mobile":0,"ocean_menu_typo_font_size_unit":"px","ocean_menu_typo_font_weight":"","ocean_menu_typo_font_weight_tablet":"","ocean_menu_typo_font_weight_mobile":"","ocean_menu_typo_transform":"","ocean_menu_typo_transform_tablet":"","ocean_menu_typo_transform_mobile":"","ocean_menu_typo_line_height":0,"ocean_menu_typo_line_height_tablet":0,"ocean_menu_typo_line_height_mobile":0,"ocean_menu_typo_line_height_unit":"","ocean_menu_typo_spacing":0,"ocean_menu_typo_spacing_tablet":0,"ocean_menu_typo_spacing_mobile":0,"ocean_menu_typo_spacing_unit":"","ocean_menu_link_color":"","ocean_menu_link_color_hover":"","ocean_menu_link_color_active":"","ocean_menu_link_background":"","ocean_menu_link_hover_background":"","ocean_menu_link_active_background":"","ocean_menu_social_links_bg":"","ocean_menu_social_hover_links_bg":"","ocean_menu_social_links_color":"","ocean_menu_social_hover_links_color":"","ocean_disable_title":"default","ocean_disable_heading":"default","ocean_post_title":"","ocean_post_subheading":"","ocean_post_title_style":"","ocean_post_title_background_color":"","ocean_post_title_background":0,"ocean_post_title_bg_image_position":"","ocean_post_title_bg_image_attachment":"","ocean_post_title_bg_image_repeat":"","ocean_post_title_bg_image_size":"","ocean_post_title_height":0,"ocean_post_title_bg_overlay":0.5,"ocean_post_title_bg_overlay_color":"","ocean_disable_breadcrumbs":"default","ocean_breadcrumbs_color":"","ocean_breadcrumbs_separator_color":"","ocean_breadcrumbs_links_color":"","ocean_breadcrumbs_links_hover_color":"","ocean_display_footer_widgets":"default","ocean_display_footer_bottom":"default","ocean_custom_footer_template":"","jetpack_post_was_ever_published":false,"footnotes":""},"class_list":["post-4129","page","type-page","status-publish","hentry","entry"],"yoast_head":"<!-- This site is optimized with the Yoast SEO plugin v27.3 - https:\/\/yoast.com\/product\/yoast-seo-wordpress\/ -->\n<title>\u00dcber uns - easySeed Saatgut-Pellets<\/title>\n<meta name=\"robots\" content=\"index, follow, max-snippet:-1, max-image-preview:large, max-video-preview:-1\" \/>\n<link rel=\"canonical\" href=\"https:\/\/instant-seed.de\/en\/ueber-uns\/\" \/>\n<meta property=\"og:locale\" content=\"en_US\" \/>\n<meta property=\"og:type\" content=\"article\" \/>\n<meta property=\"og:title\" content=\"\u00dcber uns - easySeed Saatgut-Pellets\" \/>\n<meta property=\"og:description\" content=\"Unsere Leidenschaft f\u00fcr nat\u00fcrliches Wachstum Rasen-, Blumen-\/Kr\u00e4uter, Geh\u00f6lz- und Baum-Saatgut-Pellets Wir sind zwei Generationen von Ingenieuren und verarbeiten heute mit unserer patentierten easySeed\u00ae Schutzmantel-Technologie diverse Saatgut-Sorten zu Pellets. Hierbei verwenden wir f\u00fcr das Ummanteln (Coating) des Saatgutes, mit Lehm, Schluff &amp; Co., ausschlie\u00dflich BIO-konforme, nat\u00fcrliche Materialien. Die INSTANT SEED GmbH wurde als Startup-Unternehmen 2015 gegr\u00fcndet [&hellip;]\" \/>\n<meta property=\"og:url\" content=\"https:\/\/instant-seed.de\/en\/ueber-uns\/\" \/>\n<meta property=\"og:site_name\" content=\"easySeed Saatgut-Pellets\" \/>\n<meta property=\"article:modified_time\" content=\"2024-11-13T16:57:29+00:00\" \/>\n<meta property=\"og:image\" content=\"https:\/\/instant-seed.de\/wp-content\/uploads\/2024\/05\/homepage-ueber-uns-2-pict-set-A-mod.jpg\" \/>\n<meta name=\"twitter:card\" content=\"summary_large_image\" \/>\n<meta name=\"twitter:label1\" content=\"Est. reading time\" \/>\n\t<meta name=\"twitter:data1\" content=\"1 minute\" \/>\n<script type=\"application\/ld+json\" class=\"yoast-schema-graph\">{\"@context\":\"https:\\\/\\\/schema.org\",\"@graph\":[{\"@type\":\"WebPage\",\"@id\":\"https:\\\/\\\/instant-seed.de\\\/ueber-uns\\\/\",\"url\":\"https:\\\/\\\/instant-seed.de\\\/ueber-uns\\\/\",\"name\":\"\u00dcber uns - easySeed Saatgut-Pellets\",\"isPartOf\":{\"@id\":\"https:\\\/\\\/instant-seed.de\\\/#website\"},\"primaryImageOfPage\":{\"@id\":\"https:\\\/\\\/instant-seed.de\\\/ueber-uns\\\/#primaryimage\"},\"image\":{\"@id\":\"https:\\\/\\\/instant-seed.de\\\/ueber-uns\\\/#primaryimage\"},\"thumbnailUrl\":\"https:\\\/\\\/instant-seed.de\\\/wp-content\\\/uploads\\\/2024\\\/05\\\/homepage-ueber-uns-2-pict-set-A-mod.jpg\",\"datePublished\":\"2024-05-02T14:45:37+00:00\",\"dateModified\":\"2024-11-13T16:57:29+00:00\",\"breadcrumb\":{\"@id\":\"https:\\\/\\\/instant-seed.de\\\/ueber-uns\\\/#breadcrumb\"},\"inLanguage\":\"en-US\",\"potentialAction\":[{\"@type\":\"ReadAction\",\"target\":[\"https:\\\/\\\/instant-seed.de\\\/ueber-uns\\\/\"]}]},{\"@type\":\"ImageObject\",\"inLanguage\":\"en-US\",\"@id\":\"https:\\\/\\\/instant-seed.de\\\/ueber-uns\\\/#primaryimage\",\"url\":\"https:\\\/\\\/instant-seed.de\\\/wp-content\\\/uploads\\\/2024\\\/05\\\/homepage-ueber-uns-2-pict-set-A-mod.jpg\",\"contentUrl\":\"https:\\\/\\\/instant-seed.de\\\/wp-content\\\/uploads\\\/2024\\\/05\\\/homepage-ueber-uns-2-pict-set-A-mod.jpg\"},{\"@type\":\"BreadcrumbList\",\"@id\":\"https:\\\/\\\/instant-seed.de\\\/ueber-uns\\\/#breadcrumb\",\"itemListElement\":[{\"@type\":\"ListItem\",\"position\":1,\"name\":\"Startseite\",\"item\":\"https:\\\/\\\/instant-seed.de\\\/\"},{\"@type\":\"ListItem\",\"position\":2,\"name\":\"\u00dcber uns\"}]},{\"@type\":\"WebSite\",\"@id\":\"https:\\\/\\\/instant-seed.de\\\/#website\",\"url\":\"https:\\\/\\\/instant-seed.de\\\/\",\"name\":\"easySeed Saatgut-Pellets\",\"description\":\"aus Samen von B\u00e4umen, Blumen, Kr\u00e4utern, Gr\u00e4sern und Rasen\",\"publisher\":{\"@id\":\"https:\\\/\\\/instant-seed.de\\\/#organization\"},\"potentialAction\":[{\"@type\":\"SearchAction\",\"target\":{\"@type\":\"EntryPoint\",\"urlTemplate\":\"https:\\\/\\\/instant-seed.de\\\/?s={search_term_string}\"},\"query-input\":{\"@type\":\"PropertyValueSpecification\",\"valueRequired\":true,\"valueName\":\"search_term_string\"}}],\"inLanguage\":\"en-US\"},{\"@type\":\"Organization\",\"@id\":\"https:\\\/\\\/instant-seed.de\\\/#organization\",\"name\":\"easySeed Saatgut-Pellets\",\"url\":\"https:\\\/\\\/instant-seed.de\\\/\",\"logo\":{\"@type\":\"ImageObject\",\"inLanguage\":\"en-US\",\"@id\":\"https:\\\/\\\/instant-seed.de\\\/#\\\/schema\\\/logo\\\/image\\\/\",\"url\":\"https:\\\/\\\/i0.wp.com\\\/instant-seed.de\\\/wp-content\\\/uploads\\\/2023\\\/09\\\/Logo-instant-seed_oben_rgb2.jpg?fit=1670%2C536&ssl=1\",\"contentUrl\":\"https:\\\/\\\/i0.wp.com\\\/instant-seed.de\\\/wp-content\\\/uploads\\\/2023\\\/09\\\/Logo-instant-seed_oben_rgb2.jpg?fit=1670%2C536&ssl=1\",\"width\":1670,\"height\":536,\"caption\":\"easySeed Saatgut-Pellets\"},\"image\":{\"@id\":\"https:\\\/\\\/instant-seed.de\\\/#\\\/schema\\\/logo\\\/image\\\/\"}}]}<\/script>\n<!-- \/ Yoast SEO plugin. -->","yoast_head_json":{"title":"\u00dcber uns - easySeed Saatgut-Pellets","robots":{"index":"index","follow":"follow","max-snippet":"max-snippet:-1","max-image-preview":"max-image-preview:large","max-video-preview":"max-video-preview:-1"},"canonical":"https:\/\/instant-seed.de\/en\/ueber-uns\/","og_locale":"en_US","og_type":"article","og_title":"\u00dcber uns - easySeed Saatgut-Pellets","og_description":"Unsere Leidenschaft f\u00fcr nat\u00fcrliches Wachstum Rasen-, Blumen-\/Kr\u00e4uter, Geh\u00f6lz- und Baum-Saatgut-Pellets Wir sind zwei Generationen von Ingenieuren und verarbeiten heute mit unserer patentierten easySeed\u00ae Schutzmantel-Technologie diverse Saatgut-Sorten zu Pellets. Hierbei verwenden wir f\u00fcr das Ummanteln (Coating) des Saatgutes, mit Lehm, Schluff &amp; Co., ausschlie\u00dflich BIO-konforme, nat\u00fcrliche Materialien. Die INSTANT SEED GmbH wurde als Startup-Unternehmen 2015 gegr\u00fcndet [&hellip;]","og_url":"https:\/\/instant-seed.de\/en\/ueber-uns\/","og_site_name":"easySeed Saatgut-Pellets","article_modified_time":"2024-11-13T16:57:29+00:00","og_image":[{"url":"https:\/\/instant-seed.de\/wp-content\/uploads\/2024\/05\/homepage-ueber-uns-2-pict-set-A-mod.jpg","type":"","width":"","height":""}],"twitter_card":"summary_large_image","twitter_misc":{"Est. reading time":"1 minute"},"schema":{"@context":"https:\/\/schema.org","@graph":[{"@type":"WebPage","@id":"https:\/\/instant-seed.de\/ueber-uns\/","url":"https:\/\/instant-seed.de\/ueber-uns\/","name":"\u00dcber uns - easySeed Saatgut-Pellets","isPartOf":{"@id":"https:\/\/instant-seed.de\/#website"},"primaryImageOfPage":{"@id":"https:\/\/instant-seed.de\/ueber-uns\/#primaryimage"},"image":{"@id":"https:\/\/instant-seed.de\/ueber-uns\/#primaryimage"},"thumbnailUrl":"https:\/\/instant-seed.de\/wp-content\/uploads\/2024\/05\/homepage-ueber-uns-2-pict-set-A-mod.jpg","datePublished":"2024-05-02T14:45:37+00:00","dateModified":"2024-11-13T16:57:29+00:00","breadcrumb":{"@id":"https:\/\/instant-seed.de\/ueber-uns\/#breadcrumb"},"inLanguage":"en-US","potentialAction":[{"@type":"ReadAction","target":["https:\/\/instant-seed.de\/ueber-uns\/"]}]},{"@type":"ImageObject","inLanguage":"en-US","@id":"https:\/\/instant-seed.de\/ueber-uns\/#primaryimage","url":"https:\/\/instant-seed.de\/wp-content\/uploads\/2024\/05\/homepage-ueber-uns-2-pict-set-A-mod.jpg","contentUrl":"https:\/\/instant-seed.de\/wp-content\/uploads\/2024\/05\/homepage-ueber-uns-2-pict-set-A-mod.jpg"},{"@type":"BreadcrumbList","@id":"https:\/\/instant-seed.de\/ueber-uns\/#breadcrumb","itemListElement":[{"@type":"ListItem","position":1,"name":"Startseite","item":"https:\/\/instant-seed.de\/"},{"@type":"ListItem","position":2,"name":"\u00dcber uns"}]},{"@type":"WebSite","@id":"https:\/\/instant-seed.de\/#website","url":"https:\/\/instant-seed.de\/","name":"easySeed Saatgut-Pellets","description":"aus Samen von B\u00e4umen, Blumen, Kr\u00e4utern, Gr\u00e4sern und Rasen","publisher":{"@id":"https:\/\/instant-seed.de\/#organization"},"potentialAction":[{"@type":"SearchAction","target":{"@type":"EntryPoint","urlTemplate":"https:\/\/instant-seed.de\/?s={search_term_string}"},"query-input":{"@type":"PropertyValueSpecification","valueRequired":true,"valueName":"search_term_string"}}],"inLanguage":"en-US"},{"@type":"Organization","@id":"https:\/\/instant-seed.de\/#organization","name":"easySeed Saatgut-Pellets","url":"https:\/\/instant-seed.de\/","logo":{"@type":"ImageObject","inLanguage":"en-US","@id":"https:\/\/instant-seed.de\/#\/schema\/logo\/image\/","url":"https:\/\/i0.wp.com\/instant-seed.de\/wp-content\/uploads\/2023\/09\/Logo-instant-seed_oben_rgb2.jpg?fit=1670%2C536&ssl=1","contentUrl":"https:\/\/i0.wp.com\/instant-seed.de\/wp-content\/uploads\/2023\/09\/Logo-instant-seed_oben_rgb2.jpg?fit=1670%2C536&ssl=1","width":1670,"height":536,"caption":"easySeed Saatgut-Pellets"},"image":{"@id":"https:\/\/instant-seed.de\/#\/schema\/logo\/image\/"}}]}},"jetpack_likes_enabled":true,"jetpack_sharing_enabled":true,"jetpack_shortlink":"https:\/\/wp.me\/PcJlRv-14B","jetpack-related-posts":[],"_links":{"self":[{"href":"https:\/\/instant-seed.de\/en\/wp-json\/wp\/v2\/pages\/4129","targetHints":{"allow":["GET"]}}],"collection":[{"href":"https:\/\/instant-seed.de\/en\/wp-json\/wp\/v2\/pages"}],"about":[{"href":"https:\/\/instant-seed.de\/en\/wp-json\/wp\/v2\/types\/page"}],"author":[{"embeddable":true,"href":"https:\/\/instant-seed.de\/en\/wp-json\/wp\/v2\/users\/199994877"}],"replies":[{"embeddable":true,"href":"https:\/\/instant-seed.de\/en\/wp-json\/wp\/v2\/comments?post=4129"}],"version-history":[{"count":26,"href":"https:\/\/instant-seed.de\/en\/wp-json\/wp\/v2\/pages\/4129\/revisions"}],"predecessor-version":[{"id":5171,"href":"https:\/\/instant-seed.de\/en\/wp-json\/wp\/v2\/pages\/4129\/revisions\/5171"}],"wp:attachment":[{"href":"https:\/\/instant-seed.de\/en\/wp-json\/wp\/v2\/media?parent=4129"}],"curies":[{"name":"wp","href":"https:\/\/api.w.org\/{rel}","templated":true}]}}